{"id":568,"date":"2025-04-10T00:43:03","date_gmt":"2025-04-09T21:43:03","guid":{"rendered":"https:\/\/kudragelenekselmimari.com\/?page_id=568"},"modified":"2025-04-12T19:46:07","modified_gmt":"2025-04-12T16:46:07","slug":"iletisim","status":"publish","type":"page","link":"https:\/\/www.kudragelenekselmimari.com\/en\/iletisim\/","title":{"rendered":"Communication"},"content":{"rendered":"<div id=\"fws_69e38a92d38b7\"  data-column-margin=\"default\" data-midnight=\"dark\" data-top-percent=\"8%\" data-bottom-percent=\"10%\"  class=\"wpb_row vc_row-fluid vc_row full-width-content vc_row-o-equal-height vc_row-flex vc_row-o-content-middle  zindex-set right_padding_6pct left_padding_6pct top_padding_tablet_20pct top_padding_phone_25pct\"  style=\"padding-top: calc(100vw * 0.08); padding-bottom: calc(100vw * 0.10);  z-index: 100;\"><div class=\"row-bg-wrap\" data-bg-animation=\"fade-in\" data-bg-animation-delay=\"\" data-bg-overlay=\"false\"><div class=\"inner-wrap row-bg-layer\" ><div class=\"row-bg viewport-desktop\"  style=\"\"><\/div><\/div><\/div><div class=\"row_col_wrap_12 col span_12 dark left\">\n\t<div  class=\"vc_col-sm-12 wpb_column column_container vc_column_container col no-extra-padding inherit_tablet inherit_phone\"  data-padding-pos=\"all\" data-has-bg-color=\"false\" data-bg-color=\"\" data-bg-opacity=\"1\" data-animation=\"\" data-delay=\"0\" >\n\t\t<div class=\"vc_column-inner\" >\n\t\t\t<div class=\"wpb_wrapper\">\n\t\t\t\t<div id=\"fws_69e38a92d60e4\" data-midnight=\"\" data-column-margin=\"default\" class=\"wpb_row vc_row-fluid vc_row inner_row vc_row-o-equal-height vc_row-flex vc_row-o-content-middle\"  style=\"\"><div class=\"row-bg-wrap\"> <div class=\"row-bg\" ><\/div> <\/div><div class=\"row_col_wrap_12_inner col span_12  left\">\n\t<div  class=\"vc_col-sm-4\/5 vc_col-md-9 wpb_column column_container vc_column_container col child_column no-extra-padding bottom_margin_tablet_20px inherit_tablet inherit_phone\"    data-t-w-inherits=\"small_desktop\" data-padding-pos=\"all\" data-has-bg-color=\"false\" data-bg-color=\"\" data-bg-opacity=\"1\" data-animation=\"\" data-delay=\"0\" >\n\t\t<div class=\"vc_column-inner\" >\n\t\t<div class=\"wpb_wrapper\">\n\t\t\t<div class=\"nectar-split-heading  font_size_9vw font_size_tablet_9vw font_size_phone_10vw\" data-align=\"default\" data-m-align=\"inherit\" data-text-effect=\"letter-reveal-bottom\" data-animation-type=\"line-reveal-by-space\" data-animation-delay=\"0\" data-animation-offset=\"\" data-m-rm-animation=\"true\" data-stagger=\"true\" data-custom-font-size=\"true\" style=\"font-size: 9vw; line-height: 9.9vw;\"><h1 >Communication<\/h1><\/div>\n\t\t<\/div> \n\t<\/div>\n\t<\/div> \n<\/div><\/div>\n\t\t\t<\/div> \n\t\t<\/div>\n\t<\/div> \n<\/div><\/div>\n\t\t<div id=\"fws_69e38a92d9d6a\"  data-column-margin=\"default\" data-midnight=\"dark\"  class=\"wpb_row vc_row-fluid vc_row full-width-content vc_row-o-equal-height vc_row-flex vc_row-o-content-top  top_margin_-5pct right_padding_6pct left_padding_6pct\"  style=\"padding-top: 0px; padding-bottom: 0px; \"><div class=\"row-bg-wrap\" data-bg-animation=\"none\" data-bg-animation-delay=\"\" data-bg-overlay=\"false\"><div class=\"inner-wrap row-bg-layer\" ><div class=\"row-bg viewport-desktop\"  style=\"\"><\/div><\/div><\/div><div class=\"row_col_wrap_12 col span_12 dark left\">\n\t<div style=\"\" class=\"vc_col-sm-12 wpb_column column_container vc_column_container col has-animation no-extra-padding inherit_tablet inherit_phone mobile-disable-entrance-animation\" data-using-bg=\"true\" data-bg-cover=\"true\" data-padding-pos=\"all\" data-has-bg-color=\"false\" data-bg-color=\"\" data-bg-opacity=\"1\" data-animation=\"fade-in-from-bottom\" data-delay=\"600\" >\n\t\t<div class=\"vc_column-inner\" ><div class=\"column-image-bg-wrap column-bg-layer viewport-desktop\" data-n-parallax-bg=\"true\" data-parallax-speed=\"very_subtle\" data-bg-pos=\"center bottom\" data-bg-animation=\"none\" data-bg-overlay=\"false\"><div class=\"inner-wrap\"><div class=\"column-image-bg parallax-layer\" style=\"\"><\/div><\/div><\/div>\n\t\t\t<div class=\"wpb_wrapper\">\n\t\t\t\t<div class=\"img-with-aniamtion-wrap center\" data-max-width=\"100%\" data-max-width-mobile=\"default\" data-border-radius=\"20px\" data-shadow=\"medium_depth\" data-animation=\"fade-in\" >\n      <div class=\"inner\">\n        <div class=\"hover-wrap\"> \n          <div class=\"hover-wrap-inner\">\n            <img loading=\"lazy\" decoding=\"async\" class=\"img-with-animation skip-lazy\" data-delay=\"0\" height=\"890\" width=\"2000\" data-animation=\"fade-in\" src=\"https:\/\/www.kudragelenekselmimari.com\/wp-content\/uploads\/2025\/04\/iletisim-banner.jpg\" alt=\"\" srcset=\"https:\/\/www.kudragelenekselmimari.com\/wp-content\/uploads\/2025\/04\/iletisim-banner.jpg 2000w, https:\/\/www.kudragelenekselmimari.com\/wp-content\/uploads\/2025\/04\/iletisim-banner-300x134.jpg 300w, https:\/\/www.kudragelenekselmimari.com\/wp-content\/uploads\/2025\/04\/iletisim-banner-1024x456.jpg 1024w, https:\/\/www.kudragelenekselmimari.com\/wp-content\/uploads\/2025\/04\/iletisim-banner-768x342.jpg 768w, https:\/\/www.kudragelenekselmimari.com\/wp-content\/uploads\/2025\/04\/iletisim-banner-1536x684.jpg 1536w\" sizes=\"auto, (max-width: 2000px) 100vw, 2000px\" \/>\n          <\/div>\n        <\/div>\n      <\/div>\n    <\/div>\n\t\t\t<\/div> \n\t\t<\/div>\n\t<\/div> \n<\/div><\/div>\n\t\t<div id=\"fws_69e38a92dd693\"  data-column-margin=\"default\" data-midnight=\"dark\" data-top-percent=\"10%\" data-bottom-percent=\"5%\"  class=\"wpb_row vc_row-fluid vc_row full-width-content vc_row-o-equal-height vc_row-flex vc_row-o-content-top  right_padding_27pct left_padding_27pct top_padding_tablet_20pct bottom_padding_tablet_10pct right_padding_tablet_20pct right_padding_phone_6pct left_padding_tablet_20pct left_padding_phone_6pct\"  style=\"padding-top: calc(100vw * 0.10); padding-bottom: calc(100vw * 0.05); \"><div class=\"row-bg-wrap\" data-bg-animation=\"none\" data-bg-animation-delay=\"\" data-bg-overlay=\"false\"><div class=\"inner-wrap row-bg-layer\" ><div class=\"row-bg viewport-desktop\"  style=\"\"><\/div><\/div><\/div><div class=\"row_col_wrap_12 col span_12 dark left\">\n\t<div  class=\"vc_col-sm-12 wpb_column column_container vc_column_container col centered-text no-extra-padding el_spacing_0px inherit_tablet inherit_phone\"  data-padding-pos=\"all\" data-has-bg-color=\"false\" data-bg-color=\"\" data-bg-opacity=\"1\" data-animation=\"\" data-delay=\"0\" >\n\t\t<div class=\"vc_column-inner\" >\n\t\t\t<div class=\"wpb_wrapper\">\n\t\t\t\t<div class=\"nectar-split-heading  font_size_4vw font_size_phone_5vw\" data-align=\"default\" data-m-align=\"inherit\" data-text-effect=\"default\" data-animation-type=\"line-reveal-by-space\" data-animation-delay=\"0\" data-animation-offset=\"\" data-m-rm-animation=\"\" data-stagger=\"true\" data-custom-font-size=\"true\" style=\"font-size: 4vw; line-height: 4.4vw;\"><h1 >Contact us<\/h1><\/div>\n\t\t\t<\/div> \n\t\t<\/div>\n\t<\/div> \n<\/div><\/div>\n\t\t<div id=\"team\"  data-column-margin=\"default\" data-midnight=\"dark\" data-top-percent=\"5%\" data-bottom-percent=\"5%\"  class=\"wpb_row vc_row-fluid vc_row full-width-content vc_row-o-equal-height vc_row-flex vc_row-o-content-top  right_padding_6pct left_padding_6pct top_padding_tablet_10pct bottom_padding_tablet_10pct\"  style=\"padding-top: calc(100vw * 0.05); padding-bottom: calc(100vw * 0.05); \"><div class=\"row-bg-wrap\" data-bg-animation=\"none\" data-bg-animation-delay=\"\" data-bg-overlay=\"false\"><div class=\"inner-wrap row-bg-layer\" ><div class=\"row-bg viewport-desktop\"  style=\"\"><\/div><\/div><\/div><div class=\"row_col_wrap_12 col span_12 dark left\">\n\t<div  class=\"vc_col-sm-12 wpb_column column_container vc_column_container col nectar-sticky-column-css has-animation no-extra-padding inherit_tablet inherit_phone\"  data-padding-pos=\"all\" data-has-bg-color=\"false\" data-bg-color=\"\" data-bg-opacity=\"1\" data-animation=\"fade-in-from-bottom\" data-delay=\"0\" >\n\t\t<div class=\"n-sticky\"><div class=\"vc_column-inner\" >\n\t\t\t<div class=\"wpb_wrapper\">\n\t\t\t\t<div class=\"nectar-split-heading\" data-align=\"default\" data-m-align=\"inherit\" data-text-effect=\"default\" data-animation-type=\"line-reveal-by-space\" data-animation-delay=\"0\" data-animation-offset=\"\" data-m-rm-animation=\"\" data-stagger=\"\" data-custom-font-size=\"false\" ><h1 >Contact information<\/h1><\/div><div class=\"divider-wrap\" data-alignment=\"default\"><div style=\"margin-top: 17.5px; height: 1px; margin-bottom: 17.5px;\" data-width=\"100%\" data-animate=\"\" data-animation-delay=\"\" data-color=\"black\" class=\"divider-border\"><\/div><\/div><div class=\"iwithtext\"><div class=\"iwt-icon\"> <i class=\"icon-default-style fa fa-phone accent-color\"><\/i> <\/div><div class=\"iwt-text\"> \n<h4><strong>+90 (536) 242 42 04<\/strong><\/h4>\n <\/div><div class=\"clear\"><\/div><\/div><div class=\"iwithtext\"><div class=\"iwt-icon\"> <i class=\"icon-default-style fa fa-envelope accent-color\"><\/i> <\/div><div class=\"iwt-text\"> \n<div class=\"eut-column wpb_column eut-column-1-4\">\n<div class=\"eut-column-wrapper\">\n<div class=\"eut-element eut-box-icon eut-medium eut-top-icon eut-align-center eut-with-shape\">\n<div class=\"eut-box-content\">\n<div class=\"eut-box-title-wrapper\">\n<h4 class=\"eut-box-title eut-h5\"><strong>erdincaydugan@gmail.com<\/strong><\/h4>\n<\/div>\n<\/div>\n<\/div>\n<\/div>\n<\/div>\n <\/div><div class=\"clear\"><\/div><\/div><div class=\"iwithtext\"><div class=\"iwt-icon\"> <i class=\"icon-default-style fa fa-map-pin accent-color\"><\/i> <\/div><div class=\"iwt-text\"> \n<div class=\"eut-column wpb_column eut-column-1-4\">\n<div class=\"eut-column-wrapper\">\n<div class=\"eut-element eut-box-icon eut-medium eut-top-icon eut-align-center eut-with-shape\">\n<div class=\"eut-box-content\">\n<div class=\"eut-box-title-wrapper\">\n<h4 class=\"eut-box-title eut-h5\"><strong>Kucukkuyu, Canakkale<\/strong><\/h4>\n<\/div>\n<\/div>\n<\/div>\n<\/div>\n<\/div>\n <\/div><div class=\"clear\"><\/div><\/div><div class=\"divider-wrap\" data-alignment=\"default\"><div style=\"margin-top: 17.5px; height: 1px; margin-bottom: 17.5px;\" data-width=\"100%\" data-animate=\"\" data-animation-delay=\"\" data-color=\"black\" class=\"divider-border\"><\/div><\/div><div id=\"fws_69e38a92df283\" data-midnight=\"\" data-column-margin=\"default\" class=\"wpb_row vc_row-fluid vc_row inner_row  right_padding_8pct left_padding_8pct right_padding_phone_0px left_padding_phone_0px\"  style=\"\"><div class=\"row-bg-wrap\"> <div class=\"row-bg\" ><\/div> <\/div><div class=\"row_col_wrap_12_inner col span_12  left\">\n\t<div  class=\"vc_col-sm-12 wpb_column column_container vc_column_container col child_column no-extra-padding force-desktop-text-align-center inherit_tablet inherit_phone\"   data-padding-pos=\"all\" data-has-bg-color=\"false\" data-bg-color=\"\" data-bg-opacity=\"1\" data-animation=\"\" data-delay=\"0\" >\n\t\t<div class=\"vc_column-inner\" >\n\t\t<div class=\"wpb_wrapper\">\n\t\t\t<blockquote class=\"nectar_single_testimonial\" data-color=\"default\" data-style=\"bold\"><div class=\"inner\"> <p><span class=\"open-quote\">&#8221;<\/span>Your visit could be the start of ideas we will share. <\/p><div data-shadow=\"true\" class=\"image-icon\" style=\"background-image: url(https:\/\/www.kudragelenekselmimari.com\/wp-content\/uploads\/2025\/04\/erdinc-aydugan-300x300.jpg);\"><\/div><span class=\"wrap\"><span>Erdinc Aydugan<\/span><span class=\"title\">Founder of Kudra Traditional Architectural Design Workshop<\/span><\/span><\/div><\/blockquote>\n\t\t<\/div> \n\t<\/div>\n\t<\/div> \n<\/div><\/div>\n\t\t\t<\/div> \n\t\t<\/div><\/div>\n\t<\/div> \n<\/div><\/div>","protected":false},"excerpt":{"rendered":"\u0130leti\u015fim Bize Ula\u015f\u0131n \u0130leti\u015fim bilgileri +90 (536) 242 42 04 erdincaydugan@gmail.com K\u00fc\u00e7\u00fckkuyu, \u00c7anakkale &#8221;Ziyaretiniz, payla\u015faca\u011f\u0131m\u0131z fikirlerin ba\u015flang\u0131c\u0131 olabilir. Erdin\u00e7 Aydu\u011fanKudra Geleneksel Mimari Tasar\u0131m At\u00f6lyesi Kurucusu","protected":false},"author":2,"featured_media":0,"parent":0,"menu_order":0,"comment_status":"closed","ping_status":"closed","template":"","meta":{"footnotes":""},"class_list":["post-568","page","type-page","status-publish"],"_links":{"self":[{"href":"https:\/\/www.kudragelenekselmimari.com\/en\/wp-json\/wp\/v2\/pages\/568","targetHints":{"allow":["GET"]}}],"collection":[{"href":"https:\/\/www.kudragelenekselmimari.com\/en\/wp-json\/wp\/v2\/pages"}],"about":[{"href":"https:\/\/www.kudragelenekselmimari.com\/en\/wp-json\/wp\/v2\/types\/page"}],"author":[{"embeddable":true,"href":"https:\/\/www.kudragelenekselmimari.com\/en\/wp-json\/wp\/v2\/users\/2"}],"replies":[{"embeddable":true,"href":"https:\/\/www.kudragelenekselmimari.com\/en\/wp-json\/wp\/v2\/comments?post=568"}],"version-history":[{"count":3,"href":"https:\/\/www.kudragelenekselmimari.com\/en\/wp-json\/wp\/v2\/pages\/568\/revisions"}],"predecessor-version":[{"id":595,"href":"https:\/\/www.kudragelenekselmimari.com\/en\/wp-json\/wp\/v2\/pages\/568\/revisions\/595"}],"wp:attachment":[{"href":"https:\/\/www.kudragelenekselmimari.com\/en\/wp-json\/wp\/v2\/media?parent=568"}],"curies":[{"name":"wp","href":"https:\/\/api.w.org\/{rel}","templated":true}]}}